{"id":1417,"date":"2019-07-30T15:39:38","date_gmt":"2019-07-30T18:39:38","guid":{"rendered":"https:\/\/retailup.com.ar\/Retailup\/?page_id=1417"},"modified":"2019-07-31T19:15:11","modified_gmt":"2019-07-31T22:15:11","slug":"why","status":"publish","type":"page","link":"https:\/\/retailup.com.ar\/Retailup\/why\/","title":{"rendered":"\u00bfPor qu\u00e9 Retail Up?"},"content":{"rendered":"<div class=\"wpb-content-wrapper\"><p>[vc_row padding_top=&#8221;3x&#8221; padding_bottom=&#8221;3x&#8221; background_image=&#8221;1261&#8243; parallax=&#8221;content-moving&#8221; overlay_color=&#8221;nice_black_color&#8221; overlay_opacity=&#8221;50&#8243; content_placement=&#8221;middle&#8221; shift_y=&#8221;0&#8243;][vc_column text_align=&#8221;left&#8221; style=&#8221;dark&#8221; column_width_percent=&#8221;100&#8243; position_horizontal=&#8221;center&#8221; position_vertical=&#8221;middle&#8221; shift_x=&#8221;0&#8243; shift_y=&#8221;0&#8243; z_index=&#8221;0&#8243;][vc_custom_heading text=&#8221;\u00bfPor qu\u00e9 Retail Up?&#8221; font_container=&#8221;tag:h2|font_size:42&#8243; weight=&#8221;&#8221; subheading_font_container=&#8221;font_size:18&#8243; subheading_weight=&#8221;&#8221; href=&#8221;&#8220;https:\/\/wordpress.org\/plugins\/nice-team\/&#8220;&#8221; subheading=&#8221;Nuestra Experiencia y Enfoque Sist\u00e9mico nos permiten entender todo el Ciclo de Expansi\u00f3n de Cadenas de Retail y adelantarnos a los contratiempos que se puedan generar<\/p>\n<p>Nuevas Aperturas &#8211; Renegociaci\u00f3n de Contratos &#8211; Optimizaci\u00f3n de Puntos de Venta &#8211; Relocaciones &#8211; Cierres&#8221;][\/vc_column][\/vc_row][vc_row padding_top=&#8221;4x&#8221; overlay_opacity=&#8221;50&#8243; gap=&#8221;30&#8243; shift_y=&#8221;0&#8243;][vc_column width=&#8221;1\/3&#8243;][vc_icon icon_fontawesome=&#8221;fa fa-graduation-cap&#8221; size=&#8221;icon-3x&#8221; text_size=&#8221;h4&#8243; title_font_weight=&#8221;&#8221; css_animation=&#8221;fadeIn&#8221; title=&#8221;Conocemos todo el Proceso&#8221; link=&#8221;|||&#8221;]Hemos abarcado de punta a punta el proceso de Expansi\u00f3n en distintos tipos de empresas as\u00ed como tambi\u00e9n en distintas coyunturas[\/vc_icon][\/vc_column][vc_column width=&#8221;1\/3&#8243;][vc_icon icon_fontawesome=&#8221;fa fa-binoculars&#8221; size=&#8221;icon-3x&#8221; text_size=&#8221;h4&#8243; title_font_weight=&#8221;&#8221; css_animation=&#8221;fadeIn&#8221; title=&#8221;Visi\u00f3n a Largo Plazo&#8221; link=&#8221;|||&#8221;]Buena cobertura en un mercado, ubicaciones exitosas y alquileres razonables sin lugar a dudas contribuyen al mejor uso del Capex en el largo plazo[\/vc_icon][\/vc_column][vc_column width=&#8221;1\/3&#8243;][vc_icon icon_fontawesome=&#8221;fa fa-key&#8221; size=&#8221;icon-3x&#8221; text_size=&#8221;h4&#8243; title_font_weight=&#8221;&#8221; css_animation=&#8221;fadeIn&#8221; title=&#8221;Key Players del sector&#8221; link=&#8221;|||&#8221;]\u00bfPor qu\u00e9 perder tiempo tratando de llegar a los principales referentes del sector cuando nosotros los conocemos y podemos acelerar el Proceso de Expansi\u00f3n y las Relaciones Comerciales?[\/vc_icon][\/vc_column][\/vc_row][vc_row padding_bottom=&#8221;4x&#8221; overlay_opacity=&#8221;50&#8243; gap=&#8221;30&#8243; shift_y=&#8221;0&#8243;][vc_column width=&#8221;1\/3&#8243;][vc_icon icon_fontawesome=&#8221;fa fa-long-arrow-right&#8221; size=&#8221;icon-3x&#8221; text_size=&#8221;h5&#8243; title_font_weight=&#8221;&#8221; css_animation=&#8221;fadeIn&#8221; title=&#8221;Transforme un Costo Fijo en Variable&#8221; link=&#8221;|||&#8221;]La Expansi\u00f3n es finita y est\u00e1 fuertemente afectada por los ciclos econ\u00f3micos. Racionalice sus recursos en \u00e1reas que siempre demandar\u00e1n recursos internos[\/vc_icon][\/vc_column][vc_column width=&#8221;1\/3&#8243;][vc_icon icon_fontawesome=&#8221;fa fa-cogs&#8221; size=&#8221;icon-3x&#8221; text_size=&#8221;h4&#8243; title_font_weight=&#8221;&#8221; css_animation=&#8221;fadeIn&#8221; title=&#8221;Enfoque Sist\u00e9mico&#8221; link=&#8221;|||&#8221;]La Estrategia de Expansi\u00f3n requiere coordinar un sinn\u00famero de acciones, optimizar recursos e involucrar a un gran n\u00famero de players. Deje que nos ocupemos de estos procesos[\/vc_icon][\/vc_column][vc_column width=&#8221;1\/3&#8243;][vc_icon icon_fontawesome=&#8221;fa fa-trophy&#8221; size=&#8221;icon-3x&#8221; text_size=&#8221;h4&#8243; title_font_weight=&#8221;&#8221; css_animation=&#8221;fadeIn&#8221; title=&#8221;Medici\u00f3n de Resultados&#8221; link=&#8221;|||&#8221;]El \u00e9xito de nuestra gesti\u00f3n en el proceso de Expansi\u00f3n o de Negociaci\u00f3n de Contratos tiene factores claves de \u00e9xito que son f\u00e1cilmente medibles[\/vc_icon][\/vc_column][\/vc_row][vc_row padding_bottom=&#8221;4x&#8221; background_color=&#8221;nice_light_color_1&#8243; overlay_opacity=&#8221;50&#8243; gap=&#8221;30&#8243; shift_y=&#8221;0&#8243;][vc_column width=&#8221;1\/2&#8243;][\/vc_column][vc_column width=&#8221;1\/2&#8243;][\/vc_column][vc_column][vc_empty_space][vc_custom_heading text=&#8221;Para las cadenas de Retail la Estrategia de Expansi\u00f3n siempre estar\u00e1 vigente a trav\u00e9s de los a\u00f1os.<br \/>\nLas distintas tareas de expansi\u00f3n estar\u00e1n afectadas por el clico de vida de la organizaci\u00f3n y de sus competidores, los productos que comercializa; as\u00ed como tambi\u00e9n los mercados donde est\u00e1n localizadas sus tiendas&#8221; font_container=&#8221;tag:h2|font_size:24&#8243; weight=&#8221;&#8221; text_color=&#8221;nice_accent_color&#8221; subheading_weight=&#8221;&#8221;][vc_empty_space][vc_gallery interval=&#8221;0&#8243; images=&#8221;1395&#8243; img_size=&#8221;1245&#215;595&#8243;][\/vc_column][\/vc_row][vc_row padding_top=&#8221;4x&#8221; padding_bottom=&#8221;4x&#8221; overlay_opacity=&#8221;50&#8243; gap=&#8221;30&#8243; shift_y=&#8221;0&#8243;][vc_column width=&#8221;1\/2&#8243;][vc_custom_heading text=&#8221;Un enfoque integral de encarar en su totalidad el Proceso de Expansi\u00f3n y todo lo relacionado con \u00e9ste&#8221; font_container=&#8221;tag:h3&#8243; weight=&#8221;&#8221; text_color=&#8221;nice_accent_color&#8221; subheading_weight=&#8221;&#8221;][\/vc_column][vc_column width=&#8221;1\/2&#8243;][vc_custom_heading text=&#8221;Cada vez menos Empresas cuentan con un Departamento de Expansi\u00f3n propio. Nosotros nos ocupamos en ayudarlo con estas tareas para que se puede enfocar en otras \u00e1reas del negocio&#8221; font_container=&#8221;tag:p|font_size:18&#8243; weight=&#8221;&#8221; subheading_weight=&#8221;&#8221;][\/vc_column][\/vc_row][vc_row padding_top=&#8221;4x&#8221; padding_bottom=&#8221;4x&#8221; overlay_opacity=&#8221;50&#8243; shift_y=&#8221;0&#8243;][vc_column][vc_row_inner row_height=&#8221;100&#8243; overlay_opacity=&#8221;50&#8243;][vc_column_inner][vc_custom_heading text=&#8221;Estamos para ayudarlo&#8221; weight=&#8221;&#8221; text_color=&#8221;nice_accent_color&#8221; subheading_weight=&#8221;&#8221;][\/vc_column_inner][\/vc_row_inner][vc_row_inner][vc_column_inner width=&#8221;2\/3&#8243;][vc_column_text]Nos aseguramos soluciones creativas sostenibles en el tiempo. Trabajemos Juntos[\/vc_column_text][\/vc_column_inner][vc_column_inner width=&#8221;1\/3&#8243;][vc_button button_color=&#8221;nice_accent_color&#8221; icon_type=&#8221;fontawesome&#8221; icon_fontawesome=&#8221;fa fa-angle-right&#8221; icon_position=&#8221;right&#8221; link=&#8221;url:https%3A%2F%2Fretailup.com.ar%2FRetailup%2Fcontact%2F|||&#8221;]Cont\u00e1ctenos[\/vc_button][\/vc_column_inner][\/vc_row_inner][\/vc_column][\/vc_row]<\/p>\n<\/div>","protected":false},"excerpt":{"rendered":"<p>[vc_row padding_top=&#8221;3x&#8221; padding_bottom=&#8221;3x&#8221; background_image=&#8221;1261&#8243; parallax=&#8221;content-moving&#8221; overlay_color=&#8221;nice_black_color&#8221; overlay_opacity=&#8221;50&#8243; content_placement=&#8221;middle&#8221; shift_y=&#8221;0&#8243;][vc_column text_align=&#8221;left&#8221; style=&#8221;dark&#8221; column_width_percent=&#8221;100&#8243; position_horizontal=&#8221;center&#8221; position_vertical=&#8221;middle&#8221; shift_x=&#8221;0&#8243; shift_y=&#8221;0&#8243; z_index=&#8221;0&#8243;][vc_custom_heading text=&#8221;\u00bfPor qu\u00e9 Retail Up?&#8221; font_container=&#8221;tag:h2|font_size:42&#8243; weight=&#8221;&#8221; subheading_font_container=&#8221;font_size:18&#8243; subheading_weight=&#8221;&#8221; href=&#8221;&#8220;https:\/\/wordpress.org\/plugins\/nice-team\/&#8220;&#8221; subheading=&#8221;Nuestra Experiencia y Enfoque Sist\u00e9mico nos permiten entender todo el Ciclo de Expansi\u00f3n de Cadenas de Retail y adelantarnos a los contratiempos que se puedan generar Nuevas Aperturas &#8211; [&hellip;]<\/p>\n","protected":false},"author":1,"featured_media":0,"parent":0,"menu_order":0,"comment_status":"closed","ping_status":"closed","template":"","meta":{"footnotes":""},"class_list":["post-1417","page","type-page","status-publish","hentry"],"_links":{"self":[{"href":"https:\/\/retailup.com.ar\/Retailup\/wp-json\/wp\/v2\/pages\/1417","targetHints":{"allow":["GET"]}}],"collection":[{"href":"https:\/\/retailup.com.ar\/Retailup\/wp-json\/wp\/v2\/pages"}],"about":[{"href":"https:\/\/retailup.com.ar\/Retailup\/wp-json\/wp\/v2\/types\/page"}],"author":[{"embeddable":true,"href":"https:\/\/retailup.com.ar\/Retailup\/wp-json\/wp\/v2\/users\/1"}],"replies":[{"embeddable":true,"href":"https:\/\/retailup.com.ar\/Retailup\/wp-json\/wp\/v2\/comments?post=1417"}],"version-history":[{"count":6,"href":"https:\/\/retailup.com.ar\/Retailup\/wp-json\/wp\/v2\/pages\/1417\/revisions"}],"predecessor-version":[{"id":1429,"href":"https:\/\/retailup.com.ar\/Retailup\/wp-json\/wp\/v2\/pages\/1417\/revisions\/1429"}],"wp:attachment":[{"href":"https:\/\/retailup.com.ar\/Retailup\/wp-json\/wp\/v2\/media?parent=1417"}],"curies":[{"name":"wp","href":"https:\/\/api.w.org\/{rel}","templated":true}]}}