{"id":2,"date":"2019-03-13T14:06:27","date_gmt":"2019-03-13T17:06:27","guid":{"rendered":"http:\/\/bigdemo\/corporate-modern\/?page_id=2"},"modified":"2020-10-16T17:50:32","modified_gmt":"2020-10-16T20:50:32","slug":"home","status":"publish","type":"page","link":"https:\/\/retailup.com.ar\/Retailup\/","title":{"rendered":"Home"},"content":{"rendered":"<div class=\"wpb-content-wrapper\"><p>[vc_row padding_top=&#8221;&#8221; padding_bottom=&#8221;&#8221; background_image=&#8221;1269&#8243; background_repeat=&#8221;no-repeat&#8221; overlay_color=&#8221;nice_black_color&#8221; overlay_opacity=&#8221;50&#8243; shift_y=&#8221;0&#8243;][vc_column style=&#8221;dark&#8221; column_width_unit=&#8221;pixel&#8221; column_width_pixel=&#8221;1500&#8243; shift_x=&#8221;0&#8243; shift_y=&#8221;0&#8243; z_index=&#8221;0&#8243;][vc_empty_space height=&#8221;140px&#8221;][vc_custom_heading text=&#8221;- Optimice la Estrategia de Apertura de sus Tiendas<br \/>\n&#8211; Maximice la Rentabilidad de sus Puntos de Venta<br \/>\n&#8211; Renueve y Renegocie efectivamente contratos de Alquiler<br \/>\n&#8211; Asset Management&#8221; font_container=&#8221;tag:h4|font_size:35|line_height:45&#8243; weight=&#8221;500&#8243; text_align=&#8221;left&#8221; subheading_font_container=&#8221;font_size:25&#8243; subheading_weight=&#8221;&#8221; subheading=&#8221;Deje que nos convirtamos en su Socio Estrat\u00e9gico&#8221;][vc_empty_space height=&#8221;30px&#8221;][vc_empty_space height=&#8221;300px&#8221;][\/vc_column][\/vc_row][vc_row padding_top=&#8221;4x&#8221; background_color=&#8221;nice_light_color_1&#8243; overlay_opacity=&#8221;50&#8243; gap=&#8221;30&#8243; shift_y=&#8221;0&#8243;][vc_column column_width_percent=&#8221;100&#8243; background_color=&#8221;nice_light_color_1&#8243; shift_x=&#8221;0&#8243; shift_y=&#8221;0&#8243; z_index=&#8221;0&#8243;][vc_custom_heading text=&#8221;Nuestros Servicios&#8221; weight=&#8221;&#8221; text_color=&#8221;nice_accent_color&#8221; subheading_weight=&#8221;&#8221;][vc_column_text]<\/p>\n<ul>\n<li>Nos enfocamos en ayudarlo a trav\u00e9s del tiempo con todo el proceso de Expansi\u00f3n de una cadena de Retail.<\/li>\n<li>Conocemos todo el Ciclo de Vida de la Expansi\u00f3n a trav\u00e9s de los a\u00f1os.<\/li>\n<li>Procuramos que cada punto de venta maximice el retorno de la inversi\u00f3n mejorando el EBITDA a largo plazo de la compa\u00f1\u00eda.<\/li>\n<\/ul>\n<p>[\/vc_column_text][\/vc_column][\/vc_row][vc_row padding_bottom=&#8221;4x&#8221; overlay_opacity=&#8221;50&#8243; gap=&#8221;30&#8243; shift_y=&#8221;0&#8243;][vc_column column_width_percent=&#8221;100&#8243; shift_x=&#8221;0&#8243; shift_y=&#8221;0&#8243; z_index=&#8221;0&#8243; width=&#8221;1\/4&#8243;][vc_icon type=&#8221;etlineicons&#8221; icon_color=&#8221;nice_dark_color_1&#8243; size=&#8221;icon-2x&#8221; text_size=&#8221;h4&#8243; title_font_weight=&#8221;&#8221; title=&#8221;Desarrollar&#8221; icon_etlineicons=&#8221;etlineicon-pencil&#8221;]Estrategia de Expansi\u00f3n de la compa\u00f1\u00eda[\/vc_icon][vc_icon type=&#8221;etlineicons&#8221; icon_color=&#8221;nice_dark_color_1&#8243; size=&#8221;icon-2x&#8221; text_size=&#8221;h4&#8243; title_font_weight=&#8221;&#8221; css_animation=&#8221;fadeIn&#8221; icon_etlineicons=&#8221;etlineicon-happy&#8221; title=&#8221;Relaciones Comerciales&#8221;]Nos enfocamos para que su Locador lo perciba como un Socio Estrat\u00e9gico y no como un Locatario[\/vc_icon][\/vc_column][vc_column column_width_percent=&#8221;100&#8243; shift_x=&#8221;0&#8243; shift_y=&#8221;0&#8243; z_index=&#8221;0&#8243; width=&#8221;1\/4&#8243;][vc_icon type=&#8221;etlineicons&#8221; icon_color=&#8221;nice_dark_color_1&#8243; size=&#8221;icon-2x&#8221; text_size=&#8221;h4&#8243; title_font_weight=&#8221;&#8221; title=&#8221;Implementar&#8221; icon_etlineicons=&#8221;etlineicon-tools&#8221;]Materializar el Plan de Aperturas[\/vc_icon][vc_icon type=&#8221;etlineicons&#8221; icon_color=&#8221;nice_dark_color_1&#8243; size=&#8221;icon-2x&#8221; text_size=&#8221;h4&#8243; title_font_weight=&#8221;&#8221; css_animation=&#8221;fadeIn&#8221; icon_etlineicons=&#8221;etlineicon-linegraph&#8221; title=&#8221;Maximizar ROI&#8221;]Velamos porque el ROI proyectado de una apertura minimice el gap con la realidad[\/vc_icon][\/vc_column][vc_column column_width_percent=&#8221;100&#8243; shift_x=&#8221;0&#8243; shift_y=&#8221;0&#8243; z_index=&#8221;0&#8243; width=&#8221;1\/4&#8243;][vc_icon type=&#8221;etlineicons&#8221; icon_color=&#8221;nice_dark_color_1&#8243; size=&#8221;icon-2x&#8221; text_size=&#8221;h4&#8243; title_font_weight=&#8221;&#8221; title=&#8221;Alianzas Estrat\u00e9gicas&#8221; icon_etlineicons=&#8221;etlineicon-attachment&#8221;]Multiplicar la Expansi\u00f3n analizando Cadenas de Retail ya consolidadas[\/vc_icon][vc_icon type=&#8221;etlineicons&#8221; icon_color=&#8221;nice_dark_color_1&#8243; size=&#8221;icon-2x&#8221; text_size=&#8221;h4&#8243; title_font_weight=&#8221;&#8221; css_animation=&#8221;fadeIn&#8221; icon_etlineicons=&#8221;etlineicon-magnifying-glass&#8221; title=&#8221;Auditor\u00eda Puntos de Venta&#8221;]Analizamos si sus Puntos de Venta est\u00e1n en la ubicaciones correctas[\/vc_icon][\/vc_column][vc_column width=&#8221;1\/4&#8243;][vc_icon type=&#8221;etlineicons&#8221; size=&#8221;icon-2x&#8221; text_size=&#8221;h4&#8243; title_font_weight=&#8221;&#8221; title=&#8221;Negociar Contratos&#8221; icon_etlineicons=&#8221;etlineicon-document&#8221;]Procuramos una Cartera &#8220;saludable&#8221; de Contratos[\/vc_icon][vc_icon type=&#8221;etlineicons&#8221; icon_color=&#8221;nice_dark_color_1&#8243; size=&#8221;icon-2x&#8221; text_size=&#8221;h4&#8243; title_font_weight=&#8221;&#8221; css_animation=&#8221;fadeIn&#8221; icon_etlineicons=&#8221;etlineicon-map-pin&#8221; title=&#8221;Google Maps&#8221;]Generamos contenido de sus ubicaciones para Google Maps[\/vc_icon][\/vc_column][\/vc_row][vc_row padding_top=&#8221;3x&#8221; padding_bottom=&#8221;3x&#8221; background_color=&#8221;nice_light_color_1&#8243; overlay_opacity=&#8221;50&#8243; gap=&#8221;30&#8243; shift_y=&#8221;0&#8243;][vc_column width=&#8221;1\/2&#8243;][vc_custom_heading text=&#8221;\u00bfPor qu\u00e9 Retail Up?&#8221; weight=&#8221;&#8221; text_color=&#8221;nice_accent_color&#8221; subheading_weight=&#8221;&#8221; css_animation=&#8221;fadeIn&#8221;][vc_column_text css_animation=&#8221;fadeIn&#8221;]Nuestra Experiencia y Enfoque Sist\u00e9mico nos permiten entender todo el ciclo de Expansi\u00f3n de Cadenas de Retail y adelantarnos a los contratiempos que se puedan generar.[\/vc_column_text][\/vc_column][\/vc_row][vc_row padding_top=&#8221;3x&#8221; padding_bottom=&#8221;3x&#8221; overlay_opacity=&#8221;50&#8243; gap=&#8221;30&#8243; shift_y=&#8221;0&#8243;][vc_column width=&#8221;1\/3&#8243;][vc_icon icon_fontawesome=&#8221;fa fa-graduation-cap&#8221; size=&#8221;icon-3x&#8221; text_size=&#8221;h4&#8243; title_font_weight=&#8221;&#8221; css_animation=&#8221;fadeIn&#8221; title=&#8221;Conocemos todo el Proceso&#8221; link=&#8221;|||&#8221;]Hemos abarcado de punta a punta el proceso de Expansi\u00f3n en distintos tipos de empresas as\u00ed como tambi\u00e9n en distintas coyunturas[\/vc_icon][vc_icon icon_fontawesome=&#8221;fa fa-long-arrow-right&#8221; size=&#8221;icon-3x&#8221; text_size=&#8221;h5&#8243; title_font_weight=&#8221;&#8221; title=&#8221;Transforme Costos Fijos en Variables&#8221;]La Expansi\u00f3n es finita y est\u00e1 fuertemente afectada por los ciclos econ\u00f3micos. Racionalice sus recursos en \u00e1reas que siempre demandar\u00e1n recursos internos[\/vc_icon][\/vc_column][vc_column width=&#8221;1\/3&#8243;][vc_icon icon_fontawesome=&#8221;fa fa-binoculars&#8221; size=&#8221;icon-3x&#8221; text_size=&#8221;h4&#8243; title_font_weight=&#8221;&#8221; css_animation=&#8221;fadeIn&#8221; title=&#8221;Visi\u00f3n a Largo Plazo&#8221; link=&#8221;|||&#8221;]Buena cobertura en un mercado, ubicaciones exitosas y alquileres razonables sin lugar a dudas contribuyen al mejor uso del Capex en el largo plazo[\/vc_icon][vc_icon icon_fontawesome=&#8221;fa fa-cogs&#8221; size=&#8221;icon-3x&#8221; title_font_weight=&#8221;&#8221; title=&#8221;Enfoque Sist\u00e9mico&#8221;]La Estrategia de Expansi\u00f3n requiere coordinar un sinn\u00famero de acciones, optimizar recursos e involucrar a un gran n\u00famero de players. Deje que nos ocupemos de estos procesos[\/vc_icon][\/vc_column][vc_column width=&#8221;1\/3&#8243;][vc_icon icon_fontawesome=&#8221;fa fa-key&#8221; size=&#8221;icon-3x&#8221; text_size=&#8221;h4&#8243; title_font_weight=&#8221;&#8221; css_animation=&#8221;fadeIn&#8221; title=&#8221;Key Players del Sector&#8221; link=&#8221;|||&#8221;]\u00bfPor qu\u00e9 perder tiempo tratando de llegar a los principales referentes del sector cuando nosotros los conocemos y podemos acelerar el Proceso de Expansi\u00f3n y las Relaciones Comerciales?[\/vc_icon][vc_icon icon_fontawesome=&#8221;fa fa-trophy&#8221; size=&#8221;icon-3x&#8221; title_font_weight=&#8221;&#8221; title=&#8221;Medici\u00f3n de Resultados&#8221;]El \u00e9xito de nuestra gesti\u00f3n en el proceso de Expansi\u00f3n o de Negociaci\u00f3n de Contratos tiene factores claves de \u00e9xito que son f\u00e1cilmente medibles[\/vc_icon][\/vc_column][vc_column][\/vc_column][\/vc_row][vc_row padding_top=&#8221;3x&#8221; padding_bottom=&#8221;3x&#8221; background_color=&#8221;nice_light_color_1&#8243; overlay_opacity=&#8221;50&#8243; gap=&#8221;30&#8243; shift_y=&#8221;0&#8243;][vc_column width=&#8221;1\/2&#8243;][vc_custom_heading text=&#8221;Estamos para ayudarlo&#8221; weight=&#8221;&#8221; text_color=&#8221;nice_accent_color&#8221; subheading_weight=&#8221;&#8221; css_animation=&#8221;fadeIn&#8221;][vc_column_text css_animation=&#8221;fadeIn&#8221;]Nos aseguramos soluciones creativas sostenibles en el tiempo. Trabajemos Juntos.[\/vc_column_text][\/vc_column][vc_column width=&#8221;1\/2&#8243;][vc_empty_space][vc_button button_color=&#8221;nice_accent_color&#8221; link=&#8221;url:https%3A%2F%2Fretailup.com.ar%2FRetailup%2Fcontact%2F|||&#8221;]Cont\u00e1ctenos[\/vc_button][\/vc_column][\/vc_row]<\/p>\n<\/div>","protected":false},"excerpt":{"rendered":"<p>[vc_row padding_top=&#8221;&#8221; padding_bottom=&#8221;&#8221; background_image=&#8221;1269&#8243; background_repeat=&#8221;no-repeat&#8221; overlay_color=&#8221;nice_black_color&#8221; overlay_opacity=&#8221;50&#8243; shift_y=&#8221;0&#8243;][vc_column style=&#8221;dark&#8221; column_width_unit=&#8221;pixel&#8221; column_width_pixel=&#8221;1500&#8243; shift_x=&#8221;0&#8243; shift_y=&#8221;0&#8243; z_index=&#8221;0&#8243;][vc_empty_space height=&#8221;140px&#8221;][vc_custom_heading text=&#8221;- Optimice la Estrategia de Apertura de sus Tiendas &#8211; Maximice la Rentabilidad de sus Puntos de Venta &#8211; Renueve y Renegocie efectivamente contratos de Alquiler &#8211; Asset Management&#8221; font_container=&#8221;tag:h4|font_size:35|line_height:45&#8243; weight=&#8221;500&#8243; text_align=&#8221;left&#8221; subheading_font_container=&#8221;font_size:25&#8243; subheading_weight=&#8221;&#8221; subheading=&#8221;Deje que nos convirtamos en su [&hellip;]<\/p>\n","protected":false},"author":1,"featured_media":0,"parent":0,"menu_order":0,"comment_status":"closed","ping_status":"closed","template":"","meta":{"footnotes":""},"class_list":["post-2","page","type-page","status-publish","hentry"],"_links":{"self":[{"href":"https:\/\/retailup.com.ar\/Retailup\/wp-json\/wp\/v2\/pages\/2","targetHints":{"allow":["GET"]}}],"collection":[{"href":"https:\/\/retailup.com.ar\/Retailup\/wp-json\/wp\/v2\/pages"}],"about":[{"href":"https:\/\/retailup.com.ar\/Retailup\/wp-json\/wp\/v2\/types\/page"}],"author":[{"embeddable":true,"href":"https:\/\/retailup.com.ar\/Retailup\/wp-json\/wp\/v2\/users\/1"}],"replies":[{"embeddable":true,"href":"https:\/\/retailup.com.ar\/Retailup\/wp-json\/wp\/v2\/comments?post=2"}],"version-history":[{"count":137,"href":"https:\/\/retailup.com.ar\/Retailup\/wp-json\/wp\/v2\/pages\/2\/revisions"}],"predecessor-version":[{"id":1459,"href":"https:\/\/retailup.com.ar\/Retailup\/wp-json\/wp\/v2\/pages\/2\/revisions\/1459"}],"wp:attachment":[{"href":"https:\/\/retailup.com.ar\/Retailup\/wp-json\/wp\/v2\/media?parent=2"}],"curies":[{"name":"wp","href":"https:\/\/api.w.org\/{rel}","templated":true}]}}